{"id":68,"date":"2018-11-20T16:01:01","date_gmt":"2018-11-20T15:01:01","guid":{"rendered":"http:\/\/anne-lise.bio\/?page_id=68"},"modified":"2021-06-09T09:56:46","modified_gmt":"2021-06-09T07:56:46","slug":"ateliers-conseils","status":"publish","type":"page","link":"http:\/\/anne-lise.bio\/index.php\/ateliers-conseils\/","title":{"rendered":"Formations-Ateliers"},"content":{"rendered":"<p>Riche d\u2019exp\u00e9riences et de formations compl\u00e8tes pendant 8 ans au sein d\u2019un magasin, en tant que conseill\u00e8re en sant\u00e9 naturelle et beaut\u00e9 Bio, je vous propose des ateliers\u00a0 de Bien-\u00eatre sur mesure\u00a0!<\/p>\n<p>Th\u00e8mes abord\u00e9s\u00a0: l\u2019alimentation saine et locale, notre impact consommation et \u00e9cologie, les cosm\u00e9tiques\u00a0: dangers et alternatives naturelles, le go\u00fbter de nos enfants, huiles essentielles \u00a0et phytoth\u00e9rapie,\u2026.<\/p>\n<p>La presse parle de moi&gt;&gt;&gt;<a href=\"https:\/\/www.ladepeche.fr\/article\/2017\/12\/12\/2702541-des-ateliers-sante-pour-manger-plus-sainement.html#xtor=EPR-1\">ICI<\/a><\/p>\n<p style=\"text-align: center;\">[smartslider3 slider=5]<\/p>\n<div id=\"attachment_171\" style=\"width: 160px\" class=\"wp-caption alignleft\"><a href=\"http:\/\/anne-lise.bio\/index.php\/rdv-personnalise\/\"><img loading=\"lazy\" decoding=\"async\" aria-describedby=\"caption-attachment-171\" class=\"wp-image-171 size-thumbnail\" style=\"font-size: 1rem;\" src=\"http:\/\/anne-lise.bio\/wp-content\/uploads\/2018\/12\/cabinet-conseil-150x150.jpg\" alt=\"RDV personnalis\u00e9\" width=\"150\" height=\"150\" \/><\/a><p id=\"caption-attachment-171\" class=\"wp-caption-text\">RDV personnalis\u00e9<\/p><\/div>\n<div id=\"attachment_166\" style=\"width: 160px\" class=\"wp-caption alignleft\"><a href=\"http:\/\/anne-lise.bio\/index.php\/en-entreprise\/\"><img loading=\"lazy\" decoding=\"async\" aria-describedby=\"caption-attachment-166\" class=\"wp-image-166 size-thumbnail\" style=\"font-size: 1rem;\" src=\"http:\/\/anne-lise.bio\/wp-content\/uploads\/2018\/12\/ENTREPRISE-2-150x150.jpg\" alt=\"Entre copines\" width=\"150\" height=\"150\" srcset=\"http:\/\/anne-lise.bio\/wp-content\/uploads\/2018\/12\/ENTREPRISE-2-150x150.jpg 150w, http:\/\/anne-lise.bio\/wp-content\/uploads\/2018\/12\/ENTREPRISE-2-300x300.jpg 300w, http:\/\/anne-lise.bio\/wp-content\/uploads\/2018\/12\/ENTREPRISE-2-768x768.jpg 768w, http:\/\/anne-lise.bio\/wp-content\/uploads\/2018\/12\/ENTREPRISE-2-1024x1024.jpg 1024w, http:\/\/anne-lise.bio\/wp-content\/uploads\/2018\/12\/ENTREPRISE-2.jpg 1080w\" sizes=\"(max-width: 150px) 100vw, 150px\" \/><\/a><p id=\"caption-attachment-166\" class=\"wp-caption-text\">En entreprises<\/p><\/div>\n<div id=\"attachment_87\" style=\"width: 160px\" class=\"wp-caption alignleft\"><a href=\"http:\/\/anne-lise.bio\/index.php\/entre-copines\/\"><img loading=\"lazy\" decoding=\"async\" aria-describedby=\"caption-attachment-87\" class=\"wp-image-87 size-thumbnail\" style=\"font-size: 1rem;\" src=\"http:\/\/anne-lise.bio\/wp-content\/uploads\/2018\/11\/Banner-pa\u0301gina-talleres-e1517245937347-150x150.jpg\" alt=\"En entreprise\" width=\"150\" height=\"150\" \/><\/a><p id=\"caption-attachment-87\" class=\"wp-caption-text\">Entre copines<\/p><\/div>\n<p style=\"text-align: center;\">\n","protected":false},"excerpt":{"rendered":"<p>Riche d\u2019exp\u00e9riences et de formations compl\u00e8tes pendant 8 ans au sein d\u2019un magasin, en tant que conseill\u00e8re en sant\u00e9 naturelle et beaut\u00e9 Bio, je vous propose des ateliers\u00a0 de Bien-\u00eatre sur mesure\u00a0! Th\u00e8mes abord\u00e9s\u00a0: l\u2019alimentation saine et locale, notre impact consommation et \u00e9cologie, les cosm\u00e9tiques\u00a0: dangers et alternatives naturelles, le go\u00fbter de nos enfants, huiles [&hellip;]<\/p>\n","protected":false},"author":1,"featured_media":0,"parent":0,"menu_order":0,"comment_status":"closed","ping_status":"closed","template":"","meta":{"_et_pb_use_builder":"","_et_pb_old_content":"","_et_gb_content_width":"","footnotes":""},"class_list":["post-68","page","type-page","status-publish","hentry"],"_links":{"self":[{"href":"http:\/\/anne-lise.bio\/index.php\/wp-json\/wp\/v2\/pages\/68","targetHints":{"allow":["GET"]}}],"collection":[{"href":"http:\/\/anne-lise.bio\/index.php\/wp-json\/wp\/v2\/pages"}],"about":[{"href":"http:\/\/anne-lise.bio\/index.php\/wp-json\/wp\/v2\/types\/page"}],"author":[{"embeddable":true,"href":"http:\/\/anne-lise.bio\/index.php\/wp-json\/wp\/v2\/users\/1"}],"replies":[{"embeddable":true,"href":"http:\/\/anne-lise.bio\/index.php\/wp-json\/wp\/v2\/comments?post=68"}],"version-history":[{"count":38,"href":"http:\/\/anne-lise.bio\/index.php\/wp-json\/wp\/v2\/pages\/68\/revisions"}],"predecessor-version":[{"id":563,"href":"http:\/\/anne-lise.bio\/index.php\/wp-json\/wp\/v2\/pages\/68\/revisions\/563"}],"wp:attachment":[{"href":"http:\/\/anne-lise.bio\/index.php\/wp-json\/wp\/v2\/media?parent=68"}],"curies":[{"name":"wp","href":"https:\/\/api.w.org\/{rel}","templated":true}]}}