{"id":70,"date":"2018-11-20T16:01:23","date_gmt":"2018-11-20T15:01:23","guid":{"rendered":"http:\/\/anne-lise.bio\/?page_id=70"},"modified":"2018-12-18T16:37:07","modified_gmt":"2018-12-18T15:37:07","slug":"entre-copines","status":"publish","type":"page","link":"http:\/\/anne-lise.bio\/index.php\/entre-copines\/","title":{"rendered":"Entre copines"},"content":{"rendered":"<h3>Un atelier ludique d\u20191 heure ou 2<\/h3>\n<p>Fabrication cosm\u00e9tique, conseils maquillage , <strong>d\u00e9couverte<\/strong> du massage,<strong> DIY<\/strong> en cuisine saine \u2026. Vous avez le choix des th\u00e8mes pour vous faire plaisir avec la <strong>Green attitude<\/strong> ! Pour un <strong>enterrement de vie de jeune fille<\/strong> ou un <strong>anniversaire<\/strong>, par exemple.<br \/>\n<em>Th\u00e8mes d\u00e9j\u00e0 abord\u00e9s : \u00ab Fabriquer son k\u00e9fir \u00bb \u00ab Comment se maquiller au naturel \u00bb<br \/>\n\u00ab La cosm\u00e9to dans mon frigo \u00bb \u00ab Fabriquer une huile de mac\u00e9ration de p\u00e2querette (avec les enfants) \u00bb<\/em><br \/>\nNombre de personnes et dur\u00e9e de l\u2019animation\u2026..sur devis<br \/>\n(comptez entre 10 et 30\u20ac par personne selon mat\u00e9riel utilis\u00e9, frais kilom\u00e9triques\u2026)<br \/>\n<a href=\"mailto:annelise.barbosa82@gmail.com\">Contactez-moi<\/a><\/p>\n<p>&nbsp;<\/p>\n<h3><\/h3>\n<p>&nbsp;<\/p>\n","protected":false},"excerpt":{"rendered":"<p>Un atelier ludique d\u20191 heure ou 2 Fabrication cosm\u00e9tique, conseils maquillage , d\u00e9couverte du massage, DIY en cuisine saine \u2026. Vous avez le choix des th\u00e8mes pour vous faire plaisir avec la Green attitude ! Pour un enterrement de vie de jeune fille ou un anniversaire, par exemple. Th\u00e8mes d\u00e9j\u00e0 abord\u00e9s : \u00ab Fabriquer son [&hellip;]<\/p>\n","protected":false},"author":1,"featured_media":0,"parent":0,"menu_order":0,"comment_status":"closed","ping_status":"closed","template":"","meta":{"_et_pb_use_builder":"","_et_pb_old_content":"","_et_gb_content_width":"","footnotes":""},"class_list":["post-70","page","type-page","status-publish","hentry"],"_links":{"self":[{"href":"http:\/\/anne-lise.bio\/index.php\/wp-json\/wp\/v2\/pages\/70","targetHints":{"allow":["GET"]}}],"collection":[{"href":"http:\/\/anne-lise.bio\/index.php\/wp-json\/wp\/v2\/pages"}],"about":[{"href":"http:\/\/anne-lise.bio\/index.php\/wp-json\/wp\/v2\/types\/page"}],"author":[{"embeddable":true,"href":"http:\/\/anne-lise.bio\/index.php\/wp-json\/wp\/v2\/users\/1"}],"replies":[{"embeddable":true,"href":"http:\/\/anne-lise.bio\/index.php\/wp-json\/wp\/v2\/comments?post=70"}],"version-history":[{"count":7,"href":"http:\/\/anne-lise.bio\/index.php\/wp-json\/wp\/v2\/pages\/70\/revisions"}],"predecessor-version":[{"id":198,"href":"http:\/\/anne-lise.bio\/index.php\/wp-json\/wp\/v2\/pages\/70\/revisions\/198"}],"wp:attachment":[{"href":"http:\/\/anne-lise.bio\/index.php\/wp-json\/wp\/v2\/media?parent=70"}],"curies":[{"name":"wp","href":"https:\/\/api.w.org\/{rel}","templated":true}]}}