{"id":72,"date":"2018-11-20T16:01:38","date_gmt":"2018-11-20T15:01:38","guid":{"rendered":"http:\/\/anne-lise.bio\/?page_id=72"},"modified":"2018-12-18T16:43:25","modified_gmt":"2018-12-18T15:43:25","slug":"en-entreprise","status":"publish","type":"page","link":"http:\/\/anne-lise.bio\/index.php\/en-entreprise\/","title":{"rendered":"En entreprise"},"content":{"rendered":"<h3>Un atelier-conf\u00e9rence ou un rdv individuel au sein m\u00eame de votre entreprise, pourquoi pas ?<\/h3>\n<p>S\u00e9ance de <strong>relaxation du dos<\/strong>, conf\u00e9rence et <strong>d\u00e9gustation<\/strong> pour un encas <strong>\u00e9quilibr\u00e9<\/strong> \u2026. Vous avez le choix des th\u00e8mes pour proposer \u00e0 vos \u00e9quipes un temps autour<br \/>\ndu <strong>bien-\u00eatre !<\/strong><br \/>\n<em>Th\u00e8mes d\u00e9j\u00e0 abord\u00e9s en entreprise :<br \/>\n\u00ab Impact de notre alimentation pour une \u00e9conomie durable \u00bb<\/em><br \/>\n<em>\u00ab Quel petit d\u00e9jeuner ou gouter pour nos enfants et ados ? \u00bb<\/em><br \/>\n<em>\u00ab Les plantes m\u00e9dicinales sous nos pieds \u00bb<\/em><br \/>\n<em>\u00ab Comment pr\u00e9parer une tisane d\u2019herboriste ? \u00bb<br \/>\n<\/em>Nombre de personnes et dur\u00e9e de l\u2019animation\u2026sur devis.<br \/>\n<a href=\"mailto:annelise.barbosa82@gmail.com\">Contactez-moi<\/a><\/p>\n<p>&nbsp;<\/p>\n","protected":false},"excerpt":{"rendered":"<p>Un atelier-conf\u00e9rence ou un rdv individuel au sein m\u00eame de votre entreprise, pourquoi pas ? S\u00e9ance de relaxation du dos, conf\u00e9rence et d\u00e9gustation pour un encas \u00e9quilibr\u00e9 \u2026. Vous avez le choix des th\u00e8mes pour proposer \u00e0 vos \u00e9quipes un temps autour du bien-\u00eatre ! Th\u00e8mes d\u00e9j\u00e0 abord\u00e9s en entreprise : \u00ab Impact de notre [&hellip;]<\/p>\n","protected":false},"author":1,"featured_media":0,"parent":0,"menu_order":0,"comment_status":"closed","ping_status":"closed","template":"","meta":{"_et_pb_use_builder":"","_et_pb_old_content":"","_et_gb_content_width":"","footnotes":""},"class_list":["post-72","page","type-page","status-publish","hentry"],"_links":{"self":[{"href":"http:\/\/anne-lise.bio\/index.php\/wp-json\/wp\/v2\/pages\/72","targetHints":{"allow":["GET"]}}],"collection":[{"href":"http:\/\/anne-lise.bio\/index.php\/wp-json\/wp\/v2\/pages"}],"about":[{"href":"http:\/\/anne-lise.bio\/index.php\/wp-json\/wp\/v2\/types\/page"}],"author":[{"embeddable":true,"href":"http:\/\/anne-lise.bio\/index.php\/wp-json\/wp\/v2\/users\/1"}],"replies":[{"embeddable":true,"href":"http:\/\/anne-lise.bio\/index.php\/wp-json\/wp\/v2\/comments?post=72"}],"version-history":[{"count":7,"href":"http:\/\/anne-lise.bio\/index.php\/wp-json\/wp\/v2\/pages\/72\/revisions"}],"predecessor-version":[{"id":203,"href":"http:\/\/anne-lise.bio\/index.php\/wp-json\/wp\/v2\/pages\/72\/revisions\/203"}],"wp:attachment":[{"href":"http:\/\/anne-lise.bio\/index.php\/wp-json\/wp\/v2\/media?parent=72"}],"curies":[{"name":"wp","href":"https:\/\/api.w.org\/{rel}","templated":true}]}}