{"id":74,"date":"2018-11-20T16:01:56","date_gmt":"2018-11-20T15:01:56","guid":{"rendered":"http:\/\/anne-lise.bio\/?page_id=74"},"modified":"2021-03-23T09:17:53","modified_gmt":"2021-03-23T08:17:53","slug":"rdv-personnalise","status":"publish","type":"page","link":"http:\/\/anne-lise.bio\/index.php\/rdv-personnalise\/","title":{"rendered":"RDV personnalis\u00e9"},"content":{"rendered":"<h3><strong>1h<\/strong> pour faire le point :<\/h3>\n<p><strong>Stress<\/strong>, <strong>digestion<\/strong> difficile, <strong>douleurs<\/strong> chroniques, peau <strong>hyper-r\u00e9active<\/strong>, cures-<strong>d\u00e9tox<\/strong>\u2026je vous aide \u00e0 trouver des<strong> solutions<\/strong> au <strong>naturel<\/strong>, en fonction de ce que vous avez d\u00e9j\u00e0 exp\u00e9riment\u00e9. Il faut que cela soit facile a vivre dans votre quotidien !<\/p>\n<p>Mes connaissances : Ayurv\u00e9da, medecine chinoise, phytoth\u00e9rapie, naturopathie, alimentation saine, tisanes, compl\u00e9ments alimentaires, huiles essentielles.<br \/>\n<strong>Tarif : 40\u20ac<\/strong><\/p>\n<p>&nbsp;<\/p>\n","protected":false},"excerpt":{"rendered":"<p>1h pour faire le point : Stress, digestion difficile, douleurs chroniques, peau hyper-r\u00e9active, cures-d\u00e9tox\u2026je vous aide \u00e0 trouver des solutions au naturel, en fonction de ce que vous avez d\u00e9j\u00e0 exp\u00e9riment\u00e9. Il faut que cela soit facile a vivre dans votre quotidien ! Mes connaissances : Ayurv\u00e9da, medecine chinoise, phytoth\u00e9rapie, naturopathie, alimentation saine, tisanes, compl\u00e9ments [&hellip;]<\/p>\n","protected":false},"author":1,"featured_media":0,"parent":0,"menu_order":0,"comment_status":"closed","ping_status":"closed","template":"","meta":{"_et_pb_use_builder":"","_et_pb_old_content":"","_et_gb_content_width":"","footnotes":""},"class_list":["post-74","page","type-page","status-publish","hentry"],"_links":{"self":[{"href":"http:\/\/anne-lise.bio\/index.php\/wp-json\/wp\/v2\/pages\/74","targetHints":{"allow":["GET"]}}],"collection":[{"href":"http:\/\/anne-lise.bio\/index.php\/wp-json\/wp\/v2\/pages"}],"about":[{"href":"http:\/\/anne-lise.bio\/index.php\/wp-json\/wp\/v2\/types\/page"}],"author":[{"embeddable":true,"href":"http:\/\/anne-lise.bio\/index.php\/wp-json\/wp\/v2\/users\/1"}],"replies":[{"embeddable":true,"href":"http:\/\/anne-lise.bio\/index.php\/wp-json\/wp\/v2\/comments?post=74"}],"version-history":[{"count":5,"href":"http:\/\/anne-lise.bio\/index.php\/wp-json\/wp\/v2\/pages\/74\/revisions"}],"predecessor-version":[{"id":524,"href":"http:\/\/anne-lise.bio\/index.php\/wp-json\/wp\/v2\/pages\/74\/revisions\/524"}],"wp:attachment":[{"href":"http:\/\/anne-lise.bio\/index.php\/wp-json\/wp\/v2\/media?parent=74"}],"curies":[{"name":"wp","href":"https:\/\/api.w.org\/{rel}","templated":true}]}}