{"id":15,"date":"2018-11-13T14:04:21","date_gmt":"2018-11-13T13:04:21","guid":{"rendered":"http:\/\/anne-lise.bio\/?page_id=15"},"modified":"2023-06-01T17:19:15","modified_gmt":"2023-06-01T15:19:15","slug":"massages","status":"publish","type":"page","link":"https:\/\/anne-lise.bio\/index.php\/massages\/","title":{"rendered":"Massages"},"content":{"rendered":"<blockquote><p>Retrouvez un vrai moment de <strong>connexion<\/strong> et de <strong>douceur<\/strong> avec vous-m\u00eame .<br \/>\nUn corps mass\u00e9 se r\u00e9g\u00e9n\u00e8re, se pacifie\u2026<\/p><\/blockquote>\n<p>L\u2019intuitif est un soin hors norme, <strong>unique et<\/strong> <strong>personnalis\u00e9.<\/strong> D\u00e9couvrez aussi le <strong>sp\u00e9cifique t\u00e9l\u00e9-travail<\/strong>\u00a0, inspir\u00e9 de techniques japonaises, ou le <strong>lymphatique<\/strong> pour \u00e9liminer les toxines et la r\u00e9tention d&rsquo;eau .<\/p>\n<blockquote>\n<p style=\"text-align: center;\">[smartslider3 slider=4]<\/p>\n<\/blockquote>\n<h3><a href=\"http:\/\/anne-lise.bio\/index.php\/massage-intuitif\/\">Massage intuitif aux huiles pr\u00e9cieuses 1h &#8211; 65\u20ac<\/a><\/h3>\n<h3><a href=\"http:\/\/anne-lise.bio\/index.php\/massages\/soin-specifique-tele-travail\/\">Massage sp\u00e9cifique T\u00e9l\u00e9-Travail 40 min &#8211; 50\u20ac<\/a><\/h3>\n<h3><a href=\"http:\/\/anne-lise.bio\/index.php\/massage-pierres-chaudes\/\">Massage aux pierres chaudes : 45min &#8211; 55\u20ac<\/a><\/h3>\n<h3><a href=\"http:\/\/anne-lise.bio\/index.php\/massage-relaxant\/\">Massage relaxant cibl\u00e9 : 30min &#8211; 35\u20ac<\/a><\/h3>\n<h3><a href=\"http:\/\/anne-lise.bio\/index.php\/massage-lymphatique-manuel\/\"><strong>Massage sp\u00e9cifique lymphatique : 45min &#8211; 45\u20ac<\/strong><\/a><\/h3>\n<p><img loading=\"lazy\" decoding=\"async\" class=\"alignnone size-medium wp-image-27\" src=\"http:\/\/anne-lise.bio\/wp-content\/uploads\/2018\/11\/roses-300x148.png\" alt=\"\" width=\"300\" height=\"148\" srcset=\"https:\/\/anne-lise.bio\/wp-content\/uploads\/2018\/11\/roses-300x148.png 300w, https:\/\/anne-lise.bio\/wp-content\/uploads\/2018\/11\/roses.png 704w\" sizes=\"(max-width: 300px) 100vw, 300px\" \/><\/p>\n","protected":false},"excerpt":{"rendered":"<p>Retrouvez un vrai moment de connexion et de douceur avec vous-m\u00eame . Un corps mass\u00e9 se r\u00e9g\u00e9n\u00e8re, se pacifie\u2026 L\u2019intuitif est un soin hors norme, unique et personnalis\u00e9. D\u00e9couvrez aussi le sp\u00e9cifique t\u00e9l\u00e9-travail\u00a0, inspir\u00e9 de techniques japonaises, ou le lymphatique pour \u00e9liminer les toxines et la r\u00e9tention d&rsquo;eau . [smartslider3 slider=4] Massage intuitif aux huiles [&hellip;]<\/p>\n","protected":false},"author":1,"featured_media":0,"parent":0,"menu_order":0,"comment_status":"closed","ping_status":"closed","template":"","meta":{"_et_pb_use_builder":"","_et_pb_old_content":"","_et_gb_content_width":"","footnotes":""},"class_list":["post-15","page","type-page","status-publish","hentry"],"_links":{"self":[{"href":"https:\/\/anne-lise.bio\/index.php\/wp-json\/wp\/v2\/pages\/15","targetHints":{"allow":["GET"]}}],"collection":[{"href":"https:\/\/anne-lise.bio\/index.php\/wp-json\/wp\/v2\/pages"}],"about":[{"href":"https:\/\/anne-lise.bio\/index.php\/wp-json\/wp\/v2\/types\/page"}],"author":[{"embeddable":true,"href":"https:\/\/anne-lise.bio\/index.php\/wp-json\/wp\/v2\/users\/1"}],"replies":[{"embeddable":true,"href":"https:\/\/anne-lise.bio\/index.php\/wp-json\/wp\/v2\/comments?post=15"}],"version-history":[{"count":23,"href":"https:\/\/anne-lise.bio\/index.php\/wp-json\/wp\/v2\/pages\/15\/revisions"}],"predecessor-version":[{"id":686,"href":"https:\/\/anne-lise.bio\/index.php\/wp-json\/wp\/v2\/pages\/15\/revisions\/686"}],"wp:attachment":[{"href":"https:\/\/anne-lise.bio\/index.php\/wp-json\/wp\/v2\/media?parent=15"}],"curies":[{"name":"wp","href":"https:\/\/api.w.org\/{rel}","templated":true}]}}