{"id":17,"date":"2018-11-13T14:04:37","date_gmt":"2018-11-13T13:04:37","guid":{"rendered":"http:\/\/anne-lise.bio\/?page_id=17"},"modified":"2023-06-01T17:11:27","modified_gmt":"2023-06-01T15:11:27","slug":"beaute","status":"publish","type":"page","link":"https:\/\/anne-lise.bio\/index.php\/beaute\/","title":{"rendered":"Beaut\u00e9"},"content":{"rendered":"<blockquote><p>D\u00e9couvrez un rituel Beaut\u00e9 visage simple et doux,<br \/>\nen commen\u00e7ant par un bain de pieds aux <strong>fleurs<\/strong>.<br \/>\nAvec Ibbeo, qui est une gamme de cosm\u00e9tiques fabriqu\u00e9s \u00e0 Montauban, vous retrouverez la vraie <strong>valeur des plantes<\/strong> (toutes cultiv\u00e9es en Midi-Pyr\u00e9n\u00e9es), mais aussi un <strong>massage relaxant<\/strong> du visage gr\u00e2ce<br \/>\n\u00e0 la <strong>lithoth\u00e9rapie<\/strong>\u2026<\/p><\/blockquote>\n<p><iframe loading=\"lazy\" title=\"IBBEO Cosm\u00e9tiques, de la Terre au Flacon.\" width=\"1080\" height=\"608\" src=\"https:\/\/www.youtube.com\/embed\/JRQ3nCoNF3w?feature=oembed\" frameborder=\"0\" allow=\"accelerometer; autoplay; clipboard-write; encrypted-media; gyroscope; picture-in-picture; web-share\" referrerpolicy=\"strict-origin-when-cross-origin\" allowfullscreen><\/iframe><\/p>\n<h3><a href=\"http:\/\/anne-lise.bio\/index.php\/beaute-visage\/\">Rituel de beaut\u00e9 visage aux plantes : 1h &#8211; 50\u20ac<\/a><\/h3>\n<h3><a href=\"http:\/\/anne-lise.bio\/index.php\/2020\/02\/06\/rituel-beaute-visage-fermete-au-collagene-natif\/\">Rituel fermet\u00e9 au collag\u00e8ne : 1h &#8211; 60\u20ac<\/a><\/h3>\n<h3><a href=\"http:\/\/anne-lise.bio\/index.php\/beaute\/soin-fraicheur-et-circulatoire-des-jambes\/\">Soin fra\u00eecheur et circulatoire des jambes : 45min &#8211; 45\u20ac<\/a><\/h3>\n<h3><a href=\"http:\/\/anne-lise.bio\/index.php\/soin-du-dos\/\">Beaut\u00e9 du dos (soin purifiant ): 1h &#8211; 50\u20ac<\/a><\/h3>\n<h3><a href=\"http:\/\/anne-lise.bio\/index.php\/massage-lymphatique-manuel\/\">Massage lymphatique : 45 min &#8211; 45\u20ac<\/a><\/h3>\n<p><img loading=\"lazy\" decoding=\"async\" class=\"alignnone size-medium wp-image-27\" src=\"http:\/\/anne-lise.bio\/wp-content\/uploads\/2018\/11\/roses-300x148.png\" alt=\"\" width=\"300\" height=\"148\" srcset=\"https:\/\/anne-lise.bio\/wp-content\/uploads\/2018\/11\/roses-300x148.png 300w, https:\/\/anne-lise.bio\/wp-content\/uploads\/2018\/11\/roses.png 704w\" sizes=\"(max-width: 300px) 100vw, 300px\" \/><\/p>\n","protected":false},"excerpt":{"rendered":"<p>D\u00e9couvrez un rituel Beaut\u00e9 visage simple et doux, en commen\u00e7ant par un bain de pieds aux fleurs. Avec Ibbeo, qui est une gamme de cosm\u00e9tiques fabriqu\u00e9s \u00e0 Montauban, vous retrouverez la vraie valeur des plantes (toutes cultiv\u00e9es en Midi-Pyr\u00e9n\u00e9es), mais aussi un massage relaxant du visage gr\u00e2ce \u00e0 la lithoth\u00e9rapie\u2026 Rituel de beaut\u00e9 visage aux [&hellip;]<\/p>\n","protected":false},"author":1,"featured_media":0,"parent":0,"menu_order":0,"comment_status":"closed","ping_status":"closed","template":"","meta":{"_et_pb_use_builder":"","_et_pb_old_content":"","_et_gb_content_width":"","footnotes":""},"class_list":["post-17","page","type-page","status-publish","hentry"],"_links":{"self":[{"href":"https:\/\/anne-lise.bio\/index.php\/wp-json\/wp\/v2\/pages\/17","targetHints":{"allow":["GET"]}}],"collection":[{"href":"https:\/\/anne-lise.bio\/index.php\/wp-json\/wp\/v2\/pages"}],"about":[{"href":"https:\/\/anne-lise.bio\/index.php\/wp-json\/wp\/v2\/types\/page"}],"author":[{"embeddable":true,"href":"https:\/\/anne-lise.bio\/index.php\/wp-json\/wp\/v2\/users\/1"}],"replies":[{"embeddable":true,"href":"https:\/\/anne-lise.bio\/index.php\/wp-json\/wp\/v2\/comments?post=17"}],"version-history":[{"count":33,"href":"https:\/\/anne-lise.bio\/index.php\/wp-json\/wp\/v2\/pages\/17\/revisions"}],"predecessor-version":[{"id":675,"href":"https:\/\/anne-lise.bio\/index.php\/wp-json\/wp\/v2\/pages\/17\/revisions\/675"}],"wp:attachment":[{"href":"https:\/\/anne-lise.bio\/index.php\/wp-json\/wp\/v2\/media?parent=17"}],"curies":[{"name":"wp","href":"https:\/\/api.w.org\/{rel}","templated":true}]}}