{"id":231,"date":"2019-01-19T16:12:16","date_gmt":"2019-01-19T15:12:16","guid":{"rendered":"http:\/\/anne-lise.bio\/?page_id=231"},"modified":"2025-08-06T16:09:14","modified_gmt":"2025-08-06T14:09:14","slug":"beaute-visage","status":"publish","type":"page","link":"https:\/\/anne-lise.bio\/index.php\/beaute-visage\/","title":{"rendered":"Soin visage"},"content":{"rendered":"<p>[et_pb_section fb_built=\u00a0\u00bb1&Prime; custom_padding_last_edited=\u00a0\u00bbon|tablet\u00a0\u00bb admin_label=\u00a0\u00bbHeader\u00a0\u00bb _builder_version=\u00a0\u00bb4.16&Prime; background_color=\u00a0\u00bb#f9f6f5&Prime; background_image=\u00a0\u00bbhttp:\/\/anne-lise.bio\/wp-content\/uploads\/2025\/08\/yoga-instrcutor_79.png\u00a0\u00bb background_size=\u00a0\u00bbcontain\u00a0\u00bb background_position=\u00a0\u00bbtop_right\u00a0\u00bb custom_padding=\u00a0\u00bb100px|||||\u00a0\u00bb custom_padding_tablet=\u00a0\u00bb60px||||false|false\u00a0\u00bb custom_padding_phone=\u00a0\u00bb\u00a0\u00bb global_colors_info=\u00a0\u00bb{}\u00a0\u00bb][et_pb_row column_structure=\u00a0\u00bb2_5,3_5&Prime; custom_padding_last_edited=\u00a0\u00bbon|desktop\u00a0\u00bb _builder_version=\u00a0\u00bb4.16&Prime; background_color=\u00a0\u00bb#ffffff\u00a0\u00bb custom_padding=\u00a0\u00bb30px|30px|30px|30px|true|true\u00a0\u00bb custom_padding_tablet=\u00a0\u00bb30px|20px|30px|20px|true|true\u00a0\u00bb custom_padding_phone=\u00a0\u00bb\u00a0\u00bb global_colors_info=\u00a0\u00bb{}\u00a0\u00bb][et_pb_column type=\u00a0\u00bb2_5&Prime; _builder_version=\u00a0\u00bb4.16&Prime; global_colors_info=\u00a0\u00bb{}\u00a0\u00bb][et_pb_image src=\u00a0\u00bbhttp:\/\/anne-lise.bio\/wp-content\/uploads\/2025\/08\/pexels-anete-lusina-5240700-1.jpg\u00a0\u00bb alt=\u00a0\u00bbSoin visage Montauban\u00a0\u00bb title_text=\u00a0\u00bbSoin visage Montauban\u00a0\u00bb _builder_version=\u00a0\u00bb4.16&Prime; max_height_tablet=\u00a0\u00bb400px\u00a0\u00bb max_height_phone=\u00a0\u00bb\u00a0\u00bb max_height_last_edited=\u00a0\u00bbon|tablet\u00a0\u00bb custom_margin=\u00a0\u00bb100px||-5vw|-50px|false|false\u00a0\u00bb custom_margin_tablet=\u00a0\u00bb0px||0vw|0px|false|false\u00a0\u00bb custom_margin_phone=\u00a0\u00bb\u00a0\u00bb custom_margin_last_edited=\u00a0\u00bbon|tablet\u00a0\u00bb global_colors_info=\u00a0\u00bb{}\u00a0\u00bb][\/et_pb_image][\/et_pb_column][et_pb_column type=\u00a0\u00bb3_5&Prime; _builder_version=\u00a0\u00bb4.16&Prime; global_colors_info=\u00a0\u00bb{}\u00a0\u00bb][et_pb_text _builder_version=\u00a0\u00bb4.16&Prime; text_font_size=\u00a0\u00bb16px\u00a0\u00bb text_line_height=\u00a0\u00bb2em\u00a0\u00bb header_font=\u00a0\u00bbDomine||||||||\u00a0\u00bb header_font_size=\u00a0\u00bb70px\u00a0\u00bb max_width=\u00a0\u00bb800px\u00a0\u00bb text_font_size_tablet=\u00a0\u00bb18px\u00a0\u00bb text_font_size_phone=\u00a0\u00bb16px\u00a0\u00bb text_font_size_last_edited=\u00a0\u00bbon|phone\u00a0\u00bb header_font_size_tablet=\u00a0\u00bb48px\u00a0\u00bb header_font_size_phone=\u00a0\u00bb38px\u00a0\u00bb header_font_size_last_edited=\u00a0\u00bbon|phone\u00a0\u00bb locked=\u00a0\u00bboff\u00a0\u00bb global_colors_info=\u00a0\u00bb{}\u00a0\u00bb]<\/p>\n<h1>Soin visage \u00e0 Montauban<\/h1>\n<p>Des soins du visage naturels et respectueux, pour prendre soin de votre peau tout en douceur. Des rituels complets, pens\u00e9s pour r\u00e9hydrater, apaiser, lisser\u2026 sans aucun compromis sur la composition.<\/p>\n<p>[\/et_pb_text][et_pb_text _builder_version=\u00a0\u00bb4.27.4&Prime; text_font=\u00a0\u00bbDomine||||||||\u00a0\u00bb text_font_size=\u00a0\u00bb20px\u00a0\u00bb hover_enabled=\u00a0\u00bb0&Prime; global_colors_info=\u00a0\u00bb{}\u00a0\u00bb sticky_enabled=\u00a0\u00bb0&Prime;]<\/p>\n<p>50 ou 60\u20ac \/ 1h<\/p>\n<p>[\/et_pb_text][et_pb_button button_url=\u00a0\u00bbhttps:\/\/anne-lise.bio\/index.php\/contact\/\u00a0\u00bb button_text=\u00a0\u00bbR\u00e9server ce soin\u00a0\u00bb button_alignment=\u00a0\u00bbleft\u00a0\u00bb _builder_version=\u00a0\u00bb4.16&Prime; custom_button=\u00a0\u00bbon\u00a0\u00bb button_text_size=\u00a0\u00bb14px\u00a0\u00bb button_text_color=\u00a0\u00bb#000000&Prime; button_bg_color=\u00a0\u00bbrgba(0,0,0,0)\u00a0\u00bb button_border_width=\u00a0\u00bb1px\u00a0\u00bb button_border_radius=\u00a0\u00bb0px\u00a0\u00bb button_letter_spacing=\u00a0\u00bb4px\u00a0\u00bb button_font=\u00a0\u00bb|700||on|||||\u00a0\u00bb custom_padding=\u00a0\u00bb10px|10px|10px|10px|false|false\u00a0\u00bb locked=\u00a0\u00bboff\u00a0\u00bb global_colors_info=\u00a0\u00bb{}\u00a0\u00bb][\/et_pb_button][\/et_pb_column][\/et_pb_row][\/et_pb_section][et_pb_section fb_built=\u00a0\u00bb1&Prime; admin_label=\u00a0\u00bbPricing\u00a0\u00bb _builder_version=\u00a0\u00bb4.16&Prime; background_color=\u00a0\u00bb#f9f6f5&Prime; background_image=\u00a0\u00bbhttp:\/\/anne-lise.bio\/wp-content\/uploads\/2025\/08\/yoga-pattern-01-1.png\u00a0\u00bb background_size=\u00a0\u00bbinitial\u00a0\u00bb background_position=\u00a0\u00bbtop_left\u00a0\u00bb background_repeat=\u00a0\u00bbrepeat\u00a0\u00bb locked=\u00a0\u00bboff\u00a0\u00bb global_colors_info=\u00a0\u00bb{}\u00a0\u00bb][et_pb_row _builder_version=\u00a0\u00bb4.16&Prime; global_colors_info=\u00a0\u00bb{}\u00a0\u00bb][et_pb_column type=\u00a0\u00bb4_4&Prime; _builder_version=\u00a0\u00bb4.16&Prime; global_colors_info=\u00a0\u00bb{}\u00a0\u00bb][et_pb_text _builder_version=\u00a0\u00bb4.16&Prime; header_2_font=\u00a0\u00bbDomine||||||||\u00a0\u00bb header_2_font_size=\u00a0\u00bb60px\u00a0\u00bb global_colors_info=\u00a0\u00bb{}\u00a0\u00bb]<\/p>\n<h2>Mes diff\u00e9rents soins visage<\/h2>\n<p>[\/et_pb_text][\/et_pb_column][\/et_pb_row][et_pb_row column_structure=\u00a0\u00bb1_2,1_2&Prime; make_equal=\u00a0\u00bbon\u00a0\u00bb _builder_version=\u00a0\u00bb4.16&Prime; custom_padding=\u00a0\u00bb18px|||||\u00a0\u00bb global_colors_info=\u00a0\u00bb{}\u00a0\u00bb][et_pb_column type=\u00a0\u00bb1_2&Prime; _builder_version=\u00a0\u00bb4.16&Prime; background_color=\u00a0\u00bb#ffffff\u00a0\u00bb custom_padding=\u00a0\u00bb60px|30px|60px|30px|true|true\u00a0\u00bb custom_padding_tablet=\u00a0\u00bb\u00a0\u00bb custom_padding_phone=\u00a0\u00bb\u00a0\u00bb custom_padding_last_edited=\u00a0\u00bbon|phone\u00a0\u00bb global_colors_info=\u00a0\u00bb{}\u00a0\u00bb][et_pb_text _builder_version=\u00a0\u00bb4.16&Prime; text_font_size=\u00a0\u00bb16px\u00a0\u00bb text_line_height=\u00a0\u00bb2em\u00a0\u00bb header_2_font=\u00a0\u00bbDomine||||||||\u00a0\u00bb header_3_font=\u00a0\u00bbDomine||||||||\u00a0\u00bb header_3_font_size=\u00a0\u00bb25px\u00a0\u00bb header_3_line_height=\u00a0\u00bb1.5em\u00a0\u00bb header_4_font=\u00a0\u00bbDomine||||||||\u00a0\u00bb header_4_font_size=\u00a0\u00bb20px\u00a0\u00bb header_3_font_size_tablet=\u00a0\u00bb\u00a0\u00bb header_3_font_size_phone=\u00a0\u00bb20px\u00a0\u00bb header_3_font_size_last_edited=\u00a0\u00bbon|phone\u00a0\u00bb global_colors_info=\u00a0\u00bb{}\u00a0\u00bb header_2_3_font_size_phone=\u00a0\u00bb20px\u00a0\u00bb header_3_3_font_size_phone=\u00a0\u00bb20px\u00a0\u00bb header_4_3_font_size_phone=\u00a0\u00bb20px\u00a0\u00bb header_5_3_font_size_phone=\u00a0\u00bb20px\u00a0\u00bb header_6_3_font_size_phone=\u00a0\u00bb20px\u00a0\u00bb header_2_3_font_size_last_edited=\u00a0\u00bbon|phone\u00a0\u00bb header_3_3_font_size_last_edited=\u00a0\u00bbon|phone\u00a0\u00bb header_4_3_font_size_last_edited=\u00a0\u00bbon|phone\u00a0\u00bb header_5_3_font_size_last_edited=\u00a0\u00bbon|phone\u00a0\u00bb header_6_3_font_size_last_edited=\u00a0\u00bbon|phone\u00a0\u00bb]<\/p>\n<h3>Rituel de beaut\u00e9 visage aux plantes<\/h3>\n<h4><strong>50\u20ac \/\u00a0<\/strong><strong>1h<\/strong><\/h4>\n<p>Un soin complet pour purifier, apaiser et redonner de la souplesse \u00e0 la peau. Convient \u00e0 toutes les peaux, m\u00eame les plus sensibles.<\/p>\n<p>Nettoyage \u00e0 la <strong>vapeur douce<\/strong>, masque v\u00e9g\u00e9tal, massage relaxant, application de s\u00e9rums et textures adapt\u00e9es.<\/p>\n<p><strong>Suppl\u00e9ment \u00e9pilation<\/strong> (au sucre bio uniquement) : 10\u20ac<\/p>\n<p><strong>Abonnement acn\u00e9<\/strong> (4 s\u00e9ances \u2013 180\u20ac) : suivi + conseils en alimentation, hygi\u00e8ne de vie, r\u00e9ajustement des produits maison.<\/p>\n<p>[\/et_pb_text][\/et_pb_column][et_pb_column type=\u00a0\u00bb1_2&Prime; _builder_version=\u00a0\u00bb4.16&Prime; background_color=\u00a0\u00bb#ffffff\u00a0\u00bb custom_padding=\u00a0\u00bb60px|30px|60px|30px|true|true\u00a0\u00bb custom_padding_tablet=\u00a0\u00bb\u00a0\u00bb custom_padding_phone=\u00a0\u00bb\u00a0\u00bb custom_padding_last_edited=\u00a0\u00bbon|phone\u00a0\u00bb global_colors_info=\u00a0\u00bb{}\u00a0\u00bb][et_pb_text _builder_version=\u00a0\u00bb4.16&Prime; text_font_size=\u00a0\u00bb16px\u00a0\u00bb text_line_height=\u00a0\u00bb2em\u00a0\u00bb header_2_font=\u00a0\u00bbDomine||||||||\u00a0\u00bb header_3_font=\u00a0\u00bbDomine||||||||\u00a0\u00bb header_3_font_size=\u00a0\u00bb25px\u00a0\u00bb header_3_line_height=\u00a0\u00bb1.5em\u00a0\u00bb header_4_font=\u00a0\u00bbDomine||||||||\u00a0\u00bb header_4_font_size=\u00a0\u00bb20px\u00a0\u00bb header_3_font_size_tablet=\u00a0\u00bb\u00a0\u00bb header_3_font_size_phone=\u00a0\u00bb20px\u00a0\u00bb header_3_font_size_last_edited=\u00a0\u00bbon|phone\u00a0\u00bb global_colors_info=\u00a0\u00bb{}\u00a0\u00bb header_2_3_font_size_phone=\u00a0\u00bb20px\u00a0\u00bb header_3_3_font_size_phone=\u00a0\u00bb20px\u00a0\u00bb header_4_3_font_size_phone=\u00a0\u00bb20px\u00a0\u00bb header_5_3_font_size_phone=\u00a0\u00bb20px\u00a0\u00bb header_6_3_font_size_phone=\u00a0\u00bb20px\u00a0\u00bb header_2_3_font_size_last_edited=\u00a0\u00bbon|phone\u00a0\u00bb header_3_3_font_size_last_edited=\u00a0\u00bbon|phone\u00a0\u00bb header_4_3_font_size_last_edited=\u00a0\u00bbon|phone\u00a0\u00bb header_5_3_font_size_last_edited=\u00a0\u00bbon|phone\u00a0\u00bb header_6_3_font_size_last_edited=\u00a0\u00bbon|phone\u00a0\u00bb]<\/p>\n<h3>Rituel de beaut\u00e9-fermet\u00e9 au collag\u00e8ne natif<\/h3>\n<h4><strong>60\u20ac \/\u00a0<\/strong><strong>1h<\/strong><\/h4>\n<p>Un soin sp\u00e9cifique pour les peaux en perte de tonicit\u00e9, marqu\u00e9 par les ridules ou le rel\u00e2chement. Apr\u00e8s un nettoyage doux, le <strong>massage Gua Sha<\/strong> au quartz rose stimule la <strong>circulation lymphatique<\/strong>, d\u00e9tend les traits et apporte une vraie sensation de fra\u00eecheur.<\/p>\n<p>Ce rituel alterne chaud et froid, et se termine par l\u2019application d\u2019un <strong>gel au collag\u00e8ne marin purifi\u00e9<\/strong>, sans additif nocif. R\u00e9sultat : une peau repulp\u00e9e, plus ferme, plus lumineuse.<\/p>\n<p><strong>Suppl\u00e9ment \u00e9pilation<\/strong> (au sucre bio uniquement) : 10\u20ac<\/p>\n<p>[\/et_pb_text][\/et_pb_column][\/et_pb_row][et_pb_row make_equal=\u00a0\u00bbon\u00a0\u00bb _builder_version=\u00a0\u00bb4.16&Prime; global_colors_info=\u00a0\u00bb{}\u00a0\u00bb][et_pb_column type=\u00a0\u00bb4_4&Prime; _builder_version=\u00a0\u00bb4.16&Prime; background_color=\u00a0\u00bb#ffffff\u00a0\u00bb custom_padding=\u00a0\u00bb60px|30px|60px|30px|true|true\u00a0\u00bb custom_padding_tablet=\u00a0\u00bb\u00a0\u00bb custom_padding_phone=\u00a0\u00bb\u00a0\u00bb custom_padding_last_edited=\u00a0\u00bbon|phone\u00a0\u00bb global_colors_info=\u00a0\u00bb{}\u00a0\u00bb][et_pb_text _builder_version=\u00a0\u00bb4.16&Prime; text_font_size=\u00a0\u00bb16px\u00a0\u00bb text_line_height=\u00a0\u00bb2em\u00a0\u00bb header_2_font=\u00a0\u00bbDomine||||||||\u00a0\u00bb header_2_font_size=\u00a0\u00bb35px\u00a0\u00bb header_3_font=\u00a0\u00bbDomine||||||||\u00a0\u00bb header_3_font_size=\u00a0\u00bb24px\u00a0\u00bb header_3_line_height=\u00a0\u00bb1.3em\u00a0\u00bb header_3_font_size_tablet=\u00a0\u00bb\u00a0\u00bb header_3_font_size_phone=\u00a0\u00bb20px\u00a0\u00bb header_3_font_size_last_edited=\u00a0\u00bbon|phone\u00a0\u00bb global_colors_info=\u00a0\u00bb{}\u00a0\u00bb header_2_3_font_size_phone=\u00a0\u00bb20px\u00a0\u00bb header_3_3_font_size_phone=\u00a0\u00bb20px\u00a0\u00bb header_4_3_font_size_phone=\u00a0\u00bb20px\u00a0\u00bb header_5_3_font_size_phone=\u00a0\u00bb20px\u00a0\u00bb header_6_3_font_size_phone=\u00a0\u00bb20px\u00a0\u00bb header_2_3_font_size_last_edited=\u00a0\u00bbon|phone\u00a0\u00bb header_3_3_font_size_last_edited=\u00a0\u00bbon|phone\u00a0\u00bb header_4_3_font_size_last_edited=\u00a0\u00bbon|phone\u00a0\u00bb header_5_3_font_size_last_edited=\u00a0\u00bbon|phone\u00a0\u00bb header_6_3_font_size_last_edited=\u00a0\u00bbon|phone\u00a0\u00bb]<\/p>\n<h2>D\u00e9roulement d\u2019un soin visage aux plantes<\/h2>\n<p>Chaque soin d\u00e9marre par un moment d\u2019accueil pour observer votre peau, comprendre ses besoins et adapter les textures, gestes et actifs. Le nettoyage se fait \u00e0 la <strong>vapeur douce<\/strong>, suivi d\u2019une phase de <strong>purification en douceur<\/strong> \u00e0 l\u2019aide de cosm\u00e9tiques bio Ibbeo, fabriqu\u00e9s \u00e0 Montauban.<\/p>\n<p>J\u2019utilise uniquement des <strong>ingr\u00e9dients v\u00e9g\u00e9taux<\/strong>, sans parfum de synth\u00e8se ni conservateur agressif. Tout est <strong>recyclable<\/strong>, <strong>\u00e9thique<\/strong> et <strong>\u00e9co-responsable<\/strong>. Le soin se termine par une hydratation cibl\u00e9e et un moment de <strong>massage facial<\/strong> ou de r\u00e9flexologie selon vos besoins.<\/p>\n<p>Ces soins conviennent parfaitement aux peaux sensibles ou r\u00e9actives. Pour un r\u00e9sultat durable, je peux \u00e9galement vous accompagner dans un <strong>suivi personnalis\u00e9<\/strong> (acn\u00e9, routines maison, hygi\u00e8ne de vie).<\/p>\n<p>[\/et_pb_text][\/et_pb_column][\/et_pb_row][\/et_pb_section][et_pb_section fb_built=\u00a0\u00bb1&Prime; custom_padding_last_edited=\u00a0\u00bbon|phone\u00a0\u00bb admin_label=\u00a0\u00bbFeature\u00a0\u00bb _builder_version=\u00a0\u00bb4.16&Prime; background_color=\u00a0\u00bb#f9f6f5&Prime; background_enable_image=\u00a0\u00bboff\u00a0\u00bb background_size=\u00a0\u00bbinitial\u00a0\u00bb custom_padding=\u00a0\u00bb27px||1px||false|false\u00a0\u00bb custom_padding_tablet=\u00a0\u00bb\u00a0\u00bb custom_padding_phone=\u00a0\u00bb0px||1px||false|false\u00a0\u00bb global_colors_info=\u00a0\u00bb{}\u00a0\u00bb][et_pb_row _builder_version=\u00a0\u00bb4.16&Prime; background_enable_image=\u00a0\u00bboff\u00a0\u00bb background_size=\u00a0\u00bbinitial\u00a0\u00bb background_position=\u00a0\u00bbtop_left\u00a0\u00bb background_repeat=\u00a0\u00bbrepeat-y\u00a0\u00bb max_width=\u00a0\u00bb960px\u00a0\u00bb custom_margin=\u00a0\u00bb||||false|false\u00a0\u00bb custom_padding=\u00a0\u00bb||95px||false|false\u00a0\u00bb global_colors_info=\u00a0\u00bb{}\u00a0\u00bb][et_pb_column type=\u00a0\u00bb4_4&Prime; _builder_version=\u00a0\u00bb4.16&Prime; global_colors_info=\u00a0\u00bb{}\u00a0\u00bb][et_pb_image src=\u00a0\u00bbhttp:\/\/anne-lise.bio\/wp-content\/uploads\/2025\/08\/yoga-instructor-icon-10-black.png\u00a0\u00bb align=\u00a0\u00bbcenter\u00a0\u00bb _builder_version=\u00a0\u00bb4.16&Prime; global_colors_info=\u00a0\u00bb{}\u00a0\u00bb][\/et_pb_image][et_pb_text _builder_version=\u00a0\u00bb4.16&Prime; text_font_size=\u00a0\u00bb16px\u00a0\u00bb header_2_font=\u00a0\u00bbDomine||||||||\u00a0\u00bb header_2_font_size=\u00a0\u00bb35px\u00a0\u00bb text_orientation=\u00a0\u00bbcenter\u00a0\u00bb custom_margin=\u00a0\u00bb||30px|||\u00a0\u00bb custom_margin_tablet=\u00a0\u00bb\u00a0\u00bb custom_margin_phone=\u00a0\u00bb||10px||false|false\u00a0\u00bb custom_margin_last_edited=\u00a0\u00bbon|phone\u00a0\u00bb global_colors_info=\u00a0\u00bb{}\u00a0\u00bb]<\/p>\n<h2>Mon salon de massage et soin<\/h2>\n<p>[\/et_pb_text][et_pb_text _builder_version=\u00a0\u00bb4.16&Prime; text_font_size=\u00a0\u00bb16px\u00a0\u00bb text_line_height=\u00a0\u00bb1.6em\u00a0\u00bb header_2_font=\u00a0\u00bbDomine||||||||\u00a0\u00bb header_2_font_size=\u00a0\u00bb35px\u00a0\u00bb text_orientation=\u00a0\u00bbcenter\u00a0\u00bb custom_margin=\u00a0\u00bb||42px|||\u00a0\u00bb global_colors_info=\u00a0\u00bb{}\u00a0\u00bb]<\/p>\n<p>Mon salon se situe au 37 Rue du Pr\u00e9 Benais \u00e0 82000 Montauban.<\/p>\n<p>Je vous re\u00e7ois du lundi au vendredi, de 09h \u00e0 19h.<\/p>\n<p>Pour prendre rendez-vous, vous pouvez m&rsquo;appeler ou envoyer un sms au\u00a0<strong>06 30 33 28 89 <\/strong>ou r\u00e9server un cr\u00e9neau sur mon agenda en ligne.<\/p>\n<p>[\/et_pb_text][et_pb_button button_url=\u00a0\u00bbhttps:\/\/anne-lise.bio\/index.php\/contact\/\u00a0\u00bb button_text=\u00a0\u00bbR\u00e9server un soin\u00a0\u00bb button_alignment=\u00a0\u00bbcenter\u00a0\u00bb _builder_version=\u00a0\u00bb4.16&Prime; custom_button=\u00a0\u00bbon\u00a0\u00bb button_text_size=\u00a0\u00bb12px\u00a0\u00bb button_text_color=\u00a0\u00bb#000000&Prime; button_bg_color=\u00a0\u00bb#f9f6f5&Prime; button_border_width=\u00a0\u00bb2px\u00a0\u00bb button_border_color=\u00a0\u00bb#24394A\u00a0\u00bb button_border_radius=\u00a0\u00bb0px\u00a0\u00bb button_letter_spacing=\u00a0\u00bb4px\u00a0\u00bb button_font=\u00a0\u00bb|700||on|||||\u00a0\u00bb custom_margin=\u00a0\u00bb||42px|||\u00a0\u00bb custom_padding=\u00a0\u00bb18px|30px|18px|30px|true|true\u00a0\u00bb locked=\u00a0\u00bboff\u00a0\u00bb global_colors_info=\u00a0\u00bb{}\u00a0\u00bb][\/et_pb_button][et_pb_code _builder_version=\u00a0\u00bb4.16&Prime; text_orientation=\u00a0\u00bbcenter\u00a0\u00bb custom_margin=\u00a0\u00bb||28px|||\u00a0\u00bb global_colors_info=\u00a0\u00bb{}\u00a0\u00bb]<iframe src=\"https:\/\/www.google.com\/maps\/embed?pb=!1m18!1m12!1m3!1d2868.916600049692!2d1.3666924765699013!3d44.023117928426615!2m3!1f0!2f0!3f0!3m2!1i1024!2i768!4f13.1!3m3!1m2!1s0x12ac133aeb6ede73%3A0xef5b168dffce876f!2sAnne-Lise%20-%20Massage%20th%C3%A9rapeutique%20%26%20soin%20visage%20%C3%A0%20Montauban!5e0!3m2!1sfr!2sfr!4v1754293109270!5m2!1sfr!2sfr\" width=\"800\" height=\"500\" style=\"border:0;\" allowfullscreen=\"\" loading=\"lazy\" referrerpolicy=\"no-referrer-when-downgrade\"><\/iframe>[\/et_pb_code][\/et_pb_column][\/et_pb_row][\/et_pb_section]<\/p>\n","protected":false},"excerpt":{"rendered":"<p>Soin visage \u00e0 Montauban Des soins du visage naturels et respectueux, pour prendre soin de votre peau tout en douceur. Des rituels complets, pens\u00e9s pour r\u00e9hydrater, apaiser, lisser\u2026 sans aucun compromis sur la composition.50 ou 60\u20ac \/ 1hMes diff\u00e9rents soins visageRituel de beaut\u00e9 visage aux plantes 50\u20ac \/\u00a01h Un soin complet pour purifier, apaiser et [&hellip;]<\/p>\n","protected":false},"author":1,"featured_media":0,"parent":0,"menu_order":0,"comment_status":"closed","ping_status":"closed","template":"","meta":{"_et_pb_use_builder":"on","_et_pb_old_content":"<h3>Rituel de beaut\u00e9 visage aux plantes : 1h - 50\u20ac<\/h3>\nUn moment beaut\u00e9 , avec des cosm\u00e9tiques naturels fabriqu\u00e9s \u00e0 Montauban : @ibbeo. D\u00e9marche \u00e9co-responsable et recyclable.\nNettoyer a la vapeur douce, purifier et r\u00e9hydrater en douceur gr\u00e2ce aux ingr\u00e9dients v\u00e9g\u00e9taux . Ce soin est parfaitement adapt\u00e9 aux peaux les plus sensibles et r\u00e9actives.\n<strong>Suppl\u00e9ment \u00e9pilation <\/strong><em>(au sucre bio et rien d'autre)<\/em><strong> : 10\u20ac<\/strong>\n<div class=\"gmail_default\"><a href=\"http:\/\/anne-lise.bio\/index.php\/2019\/05\/20\/un-soin-du-visage-hors-du-commun-sur-mesure-bio-et-eco-responsable\/\">En savoir+<\/a><\/div>\n<div><strong>Abonnement et suivi acn\u00e9 : 4 s\u00e9ances - 180\u20ac <\/strong>. Comprends des conseils en hygi\u00e8ne de vie, alimentation, r\u00e9ajustement des routines de soins a la maison.<\/div>\n<h3><img class=\"aligncenter wp-image-27 size-medium\" style=\"color: #333333; font-family: &amp;quot; crimson rose body font&amp;quot;,&amp;quot;arial&amp;quot;,sans-serif; font-size: 18px; font-style: normal; font-variant: normal; font-weight: 400; height: auto; letter-spacing: normal; max-width: 100%; orphans: 2; outline-color: #72777c; outline-style: solid; outline-width: 1px; text-align: left; text-decoration: none; text-indent: 0px; text-transform: none; -webkit-text-stroke-width: 0px; white-space: normal; width: inherit; word-spacing: 0px;\" src=\"http:\/\/anne-lise.bio\/wp-content\/uploads\/2018\/11\/roses-300x148.png\" alt=\"\" width=\"300\" height=\"148\" \/><\/h3>\n<h3>Rituel de beaut\u00e9-fermet\u00e9 au collag\u00e8ne natif : 1h - 60\u20ac<\/h3>\nUn soin sp\u00e9cifique pour les peaux atones , et les rides.\nNettoyage doux, suivi d'un massage japonais aux Gua Sha (pierres de quartz rose). Ce massage alterne chaud et froid pour drainer la lymphe et lisser les traits du visage. Enfin, application d'un gel au collag\u00e8ne marin purifi\u00e9, sans aucun additif nocif. <strong>Suppl\u00e9ment \u00e9pilation<\/strong> <em>(au sucre bio et rien d'autre)<\/em> : 10<strong>\u20ac<\/strong>\n<div class=\"gmail_default\"><a href=\"http:\/\/anne-lise.bio\/index.php\/2020\/02\/06\/rituel-beaute-visage-fermete-au-collagene-natif\/\">En savoir+<\/a><\/div>","_et_gb_content_width":"","footnotes":""},"class_list":["post-231","page","type-page","status-publish","hentry"],"_links":{"self":[{"href":"https:\/\/anne-lise.bio\/index.php\/wp-json\/wp\/v2\/pages\/231","targetHints":{"allow":["GET"]}}],"collection":[{"href":"https:\/\/anne-lise.bio\/index.php\/wp-json\/wp\/v2\/pages"}],"about":[{"href":"https:\/\/anne-lise.bio\/index.php\/wp-json\/wp\/v2\/types\/page"}],"author":[{"embeddable":true,"href":"https:\/\/anne-lise.bio\/index.php\/wp-json\/wp\/v2\/users\/1"}],"replies":[{"embeddable":true,"href":"https:\/\/anne-lise.bio\/index.php\/wp-json\/wp\/v2\/comments?post=231"}],"version-history":[{"count":31,"href":"https:\/\/anne-lise.bio\/index.php\/wp-json\/wp\/v2\/pages\/231\/revisions"}],"predecessor-version":[{"id":1140,"href":"https:\/\/anne-lise.bio\/index.php\/wp-json\/wp\/v2\/pages\/231\/revisions\/1140"}],"wp:attachment":[{"href":"https:\/\/anne-lise.bio\/index.php\/wp-json\/wp\/v2\/media?parent=231"}],"curies":[{"name":"wp","href":"https:\/\/api.w.org\/{rel}","templated":true}]}}