{"id":252,"date":"2019-01-19T16:20:22","date_gmt":"2019-01-19T15:20:22","guid":{"rendered":"http:\/\/anne-lise.bio\/?page_id=252"},"modified":"2025-08-04T15:03:39","modified_gmt":"2025-08-04T13:03:39","slug":"massage-relaxant","status":"publish","type":"page","link":"https:\/\/anne-lise.bio\/index.php\/massage-relaxant\/","title":{"rendered":"Massage relaxant"},"content":{"rendered":"<p>[et_pb_section fb_built=\u00a0\u00bb1&Prime; custom_padding_last_edited=\u00a0\u00bbon|tablet\u00a0\u00bb admin_label=\u00a0\u00bbHeader\u00a0\u00bb _builder_version=\u00a0\u00bb4.4.1&Prime; background_color=\u00a0\u00bb#f9f6f5&Prime; background_image=\u00a0\u00bbhttp:\/\/anne-lise.bio\/wp-content\/uploads\/2025\/08\/yoga-instrcutor_79.png\u00a0\u00bb background_size=\u00a0\u00bbcontain\u00a0\u00bb background_position=\u00a0\u00bbtop_right\u00a0\u00bb custom_padding=\u00a0\u00bb100px|||||\u00a0\u00bb custom_padding_tablet=\u00a0\u00bb60px||||false|false\u00a0\u00bb custom_padding_phone=\u00a0\u00bb\u00a0\u00bb][et_pb_row column_structure=\u00a0\u00bb2_5,3_5&Prime; custom_padding_last_edited=\u00a0\u00bbon|desktop\u00a0\u00bb _builder_version=\u00a0\u00bb4.4.1&Prime; background_color=\u00a0\u00bb#ffffff\u00a0\u00bb custom_padding=\u00a0\u00bb30px|30px|30px|30px|true|true\u00a0\u00bb custom_padding_tablet=\u00a0\u00bb30px|20px|30px|20px|true|true\u00a0\u00bb custom_padding_phone=\u00a0\u00bb\u00a0\u00bb][et_pb_column type=\u00a0\u00bb2_5&Prime; _builder_version=\u00a0\u00bb4.4.1&Prime;][et_pb_image src=\u00a0\u00bbhttp:\/\/anne-lise.bio\/wp-content\/uploads\/2025\/08\/pexels-anntarazevich-6560289-1-scaled.jpg\u00a0\u00bb alt=\u00a0\u00bbMassage relaxant montauban\u00a0\u00bb title_text=\u00a0\u00bbpexels-anntarazevich-6560289-1&Prime; _builder_version=\u00a0\u00bb4.4.4&Prime; max_height_tablet=\u00a0\u00bb400px\u00a0\u00bb max_height_phone=\u00a0\u00bb\u00a0\u00bb max_height_last_edited=\u00a0\u00bbon|tablet\u00a0\u00bb custom_margin=\u00a0\u00bb100px||-5vw|-50px|false|false\u00a0\u00bb custom_margin_tablet=\u00a0\u00bb0px||0vw|0px|false|false\u00a0\u00bb custom_margin_phone=\u00a0\u00bb\u00a0\u00bb custom_margin_last_edited=\u00a0\u00bbon|tablet\u00a0\u00bb hover_enabled=\u00a0\u00bb0&Prime;][\/et_pb_image][\/et_pb_column][et_pb_column type=\u00a0\u00bb3_5&Prime; _builder_version=\u00a0\u00bb4.4.0&Prime;][et_pb_text _builder_version=\u00a0\u00bb4.4.4&Prime; text_font_size=\u00a0\u00bb16px\u00a0\u00bb text_line_height=\u00a0\u00bb2em\u00a0\u00bb header_font=\u00a0\u00bbDomine||||||||\u00a0\u00bb header_font_size=\u00a0\u00bb70px\u00a0\u00bb header_line_height=\u00a0\u00bb1.3em\u00a0\u00bb max_width=\u00a0\u00bb800px\u00a0\u00bb text_font_size_tablet=\u00a0\u00bb18px\u00a0\u00bb text_font_size_phone=\u00a0\u00bb16px\u00a0\u00bb text_font_size_last_edited=\u00a0\u00bbon|phone\u00a0\u00bb header_font_size_tablet=\u00a0\u00bb48px\u00a0\u00bb header_font_size_phone=\u00a0\u00bb38px\u00a0\u00bb header_font_size_last_edited=\u00a0\u00bbon|phone\u00a0\u00bb locked=\u00a0\u00bboff\u00a0\u00bb]<\/p>\n<h1>Massage relaxant<\/h1>\n<p>Un massage court et cibl\u00e9 pour rel\u00e2cher les tensions l\u00e0 o\u00f9 votre corps en a le plus besoin. Id\u00e9al pour faire une vraie pause, m\u00eame quand on manque de temps.<\/p>\n<p>[\/et_pb_text][et_pb_text _builder_version=\u00a0\u00bb4.4.4&Prime; text_font=\u00a0\u00bbDomine||||||||\u00a0\u00bb text_font_size=\u00a0\u00bb20px\u00a0\u00bb]<\/p>\n<p>35\u20ac \/ 30min<\/p>\n<p>[\/et_pb_text][et_pb_button button_url=\u00a0\u00bbhttps:\/\/anne-lise.bio\/index.php\/contact\/\u00a0\u00bb button_text=\u00a0\u00bbR\u00e9server ce massage\u00a0\u00bb button_alignment=\u00a0\u00bbleft\u00a0\u00bb _builder_version=\u00a0\u00bb4.4.4&Prime; custom_button=\u00a0\u00bbon\u00a0\u00bb button_text_size=\u00a0\u00bb14px\u00a0\u00bb button_text_color=\u00a0\u00bb#000000&Prime; button_bg_color=\u00a0\u00bbrgba(0,0,0,0)\u00a0\u00bb button_border_width=\u00a0\u00bb1px\u00a0\u00bb button_border_radius=\u00a0\u00bb0px\u00a0\u00bb button_letter_spacing=\u00a0\u00bb4px\u00a0\u00bb button_font=\u00a0\u00bb|700||on|||||\u00a0\u00bb custom_padding=\u00a0\u00bb10px|10px|10px|10px|false|false\u00a0\u00bb locked=\u00a0\u00bboff\u00a0\u00bb][\/et_pb_button][\/et_pb_column][\/et_pb_row][\/et_pb_section][et_pb_section fb_built=\u00a0\u00bb1&Prime; admin_label=\u00a0\u00bbPricing\u00a0\u00bb _builder_version=\u00a0\u00bb4.4.1&Prime; background_color=\u00a0\u00bb#f9f6f5&Prime; background_image=\u00a0\u00bbhttp:\/\/anne-lise.bio\/wp-content\/uploads\/2025\/08\/yoga-pattern-01-1.png\u00a0\u00bb background_size=\u00a0\u00bbinitial\u00a0\u00bb background_position=\u00a0\u00bbtop_left\u00a0\u00bb background_repeat=\u00a0\u00bbrepeat\u00a0\u00bb locked=\u00a0\u00bboff\u00a0\u00bb][et_pb_row make_equal=\u00a0\u00bbon\u00a0\u00bb _builder_version=\u00a0\u00bb4.4.1&Prime;][et_pb_column type=\u00a0\u00bb4_4&Prime; _builder_version=\u00a0\u00bb4.4.0&Prime; background_color=\u00a0\u00bb#ffffff\u00a0\u00bb custom_padding=\u00a0\u00bb60px|30px|60px|30px|true|true\u00a0\u00bb custom_padding_tablet=\u00a0\u00bb\u00a0\u00bb custom_padding_phone=\u00a0\u00bb\u00a0\u00bb custom_padding_last_edited=\u00a0\u00bbon|phone\u00a0\u00bb][et_pb_text _builder_version=\u00a0\u00bb4.4.4&Prime; text_font_size=\u00a0\u00bb16px\u00a0\u00bb text_line_height=\u00a0\u00bb2em\u00a0\u00bb header_2_font=\u00a0\u00bbDomine||||||||\u00a0\u00bb header_2_font_size=\u00a0\u00bb35px\u00a0\u00bb header_3_font=\u00a0\u00bbDomine||||||||\u00a0\u00bb header_3_font_size=\u00a0\u00bb24px\u00a0\u00bb header_3_line_height=\u00a0\u00bb1.3em\u00a0\u00bb header_3_font_size_tablet=\u00a0\u00bb\u00a0\u00bb header_3_font_size_phone=\u00a0\u00bb20px\u00a0\u00bb header_3_font_size_last_edited=\u00a0\u00bbon|phone\u00a0\u00bb header_2_3_font_size_phone=\u00a0\u00bb20px\u00a0\u00bb header_3_3_font_size_phone=\u00a0\u00bb20px\u00a0\u00bb header_4_3_font_size_phone=\u00a0\u00bb20px\u00a0\u00bb header_5_3_font_size_phone=\u00a0\u00bb20px\u00a0\u00bb header_6_3_font_size_phone=\u00a0\u00bb20px\u00a0\u00bb header_2_3_font_size_last_edited=\u00a0\u00bbon|phone\u00a0\u00bb header_3_3_font_size_last_edited=\u00a0\u00bbon|phone\u00a0\u00bb header_4_3_font_size_last_edited=\u00a0\u00bbon|phone\u00a0\u00bb header_5_3_font_size_last_edited=\u00a0\u00bbon|phone\u00a0\u00bb header_6_3_font_size_last_edited=\u00a0\u00bbon|phone\u00a0\u00bb]<\/p>\n<h2>D\u00e9roulement du massage relaxant cibl\u00e9<\/h2>\n<p>Ce soin de <strong>30 minutes<\/strong> d\u00e9bute par un \u00e9change rapide : vous choisissez la zone du corps que vous souhaitez <strong>rel\u00e2cher<\/strong>\u00a0<strong>\u00a0(dos<\/strong>, <strong>t\u00eate<\/strong>, <strong>jambes<\/strong>, <strong>bras<\/strong> ou <strong>ventre)<\/strong>. Chaque zone est mass\u00e9e avec des gestes adapt\u00e9s : <strong>effleurages doux<\/strong>, pressions plus fermes, mouvements enveloppants ou plus rythmiques selon vos besoins.<\/p>\n<p>Le massage est r\u00e9alis\u00e9 avec une <strong>huile v\u00e9g\u00e9tale bio<\/strong>, dans une ambiance calme et apaisante. Il permet de <strong>d\u00e9nouer les tensions<\/strong> localis\u00e9es, de <strong>r\u00e9activer la circulation<\/strong> et d\u2019offrir \u00e0 votre corps un temps d\u2019attention cibl\u00e9e.<\/p>\n<p>C\u2019est un soin id\u00e9al pour une premi\u00e8re exp\u00e9rience, pour les personnes press\u00e9es ou pour celles et ceux qui veulent simplement <strong>soulager une zone pr\u00e9cise<\/strong> du corps. Simple, efficace et profond\u00e9ment <strong>relaxant<\/strong>.<\/p>\n<p>[\/et_pb_text][\/et_pb_column][\/et_pb_row][\/et_pb_section]<\/p>\n","protected":false},"excerpt":{"rendered":"<p>Massage relaxant Un massage court et cibl\u00e9 pour rel\u00e2cher les tensions l\u00e0 o\u00f9 votre corps en a le plus besoin. Id\u00e9al pour faire une vraie pause, m\u00eame quand on manque de temps.35\u20ac \/ 30minD\u00e9roulement du massage relaxant cibl\u00e9 Ce soin de 30 minutes d\u00e9bute par un \u00e9change rapide : vous choisissez la zone du corps [&hellip;]<\/p>\n","protected":false},"author":1,"featured_media":0,"parent":0,"menu_order":0,"comment_status":"closed","ping_status":"closed","template":"","meta":{"_et_pb_use_builder":"on","_et_pb_old_content":"<h3>Massage relaxant cibl\u00e9 : 30min. - 35\u20ac<\/h3>\nC\u2019est vous qui choisissez : dos, t\u00eate, jambes, bras ou ventre.\n\n<img class=\"alignnone size-medium wp-image-27\" src=\"http:\/\/anne-lise.bio\/wp-content\/uploads\/2018\/11\/roses-300x148.png\" alt=\"\" width=\"300\" height=\"148\" \/>","_et_gb_content_width":"","footnotes":""},"class_list":["post-252","page","type-page","status-publish","hentry"],"_links":{"self":[{"href":"https:\/\/anne-lise.bio\/index.php\/wp-json\/wp\/v2\/pages\/252","targetHints":{"allow":["GET"]}}],"collection":[{"href":"https:\/\/anne-lise.bio\/index.php\/wp-json\/wp\/v2\/pages"}],"about":[{"href":"https:\/\/anne-lise.bio\/index.php\/wp-json\/wp\/v2\/types\/page"}],"author":[{"embeddable":true,"href":"https:\/\/anne-lise.bio\/index.php\/wp-json\/wp\/v2\/users\/1"}],"replies":[{"embeddable":true,"href":"https:\/\/anne-lise.bio\/index.php\/wp-json\/wp\/v2\/comments?post=252"}],"version-history":[{"count":8,"href":"https:\/\/anne-lise.bio\/index.php\/wp-json\/wp\/v2\/pages\/252\/revisions"}],"predecessor-version":[{"id":1087,"href":"https:\/\/anne-lise.bio\/index.php\/wp-json\/wp\/v2\/pages\/252\/revisions\/1087"}],"wp:attachment":[{"href":"https:\/\/anne-lise.bio\/index.php\/wp-json\/wp\/v2\/media?parent=252"}],"curies":[{"name":"wp","href":"https:\/\/api.w.org\/{rel}","templated":true}]}}