{"id":327,"date":"2019-06-07T18:25:59","date_gmt":"2019-06-07T16:25:59","guid":{"rendered":"http:\/\/anne-lise.bio\/?page_id=327"},"modified":"2025-08-04T15:04:54","modified_gmt":"2025-08-04T13:04:54","slug":"soin-du-dos","status":"publish","type":"page","link":"https:\/\/anne-lise.bio\/index.php\/soin-du-dos\/","title":{"rendered":"Soin du dos"},"content":{"rendered":"<p>[et_pb_section fb_built=\u00a0\u00bb1&Prime; custom_padding_last_edited=\u00a0\u00bbon|tablet\u00a0\u00bb admin_label=\u00a0\u00bbHeader\u00a0\u00bb _builder_version=\u00a0\u00bb4.4.1&Prime; background_color=\u00a0\u00bb#f9f6f5&Prime; background_image=\u00a0\u00bbhttp:\/\/anne-lise.bio\/wp-content\/uploads\/2025\/08\/yoga-instrcutor_79.png\u00a0\u00bb background_size=\u00a0\u00bbcontain\u00a0\u00bb background_position=\u00a0\u00bbtop_right\u00a0\u00bb custom_padding=\u00a0\u00bb100px|||||\u00a0\u00bb custom_padding_tablet=\u00a0\u00bb60px||||false|false\u00a0\u00bb custom_padding_phone=\u00a0\u00bb\u00a0\u00bb][et_pb_row column_structure=\u00a0\u00bb2_5,3_5&Prime; custom_padding_last_edited=\u00a0\u00bbon|desktop\u00a0\u00bb _builder_version=\u00a0\u00bb4.4.1&Prime; background_color=\u00a0\u00bb#ffffff\u00a0\u00bb custom_padding=\u00a0\u00bb30px|30px|30px|30px|true|true\u00a0\u00bb custom_padding_tablet=\u00a0\u00bb30px|20px|30px|20px|true|true\u00a0\u00bb custom_padding_phone=\u00a0\u00bb\u00a0\u00bb][et_pb_column type=\u00a0\u00bb2_5&Prime; _builder_version=\u00a0\u00bb4.4.1&Prime;][et_pb_image src=\u00a0\u00bbhttp:\/\/anne-lise.bio\/wp-content\/uploads\/2025\/08\/pexels-detraque-10066347-1.jpg\u00a0\u00bb alt=\u00a0\u00bbSoin dos montauban\u00a0\u00bb title_text=\u00a0\u00bbSoin dos montauban\u00a0\u00bb _builder_version=\u00a0\u00bb4.4.4&Prime; max_height_tablet=\u00a0\u00bb400px\u00a0\u00bb max_height_phone=\u00a0\u00bb\u00a0\u00bb max_height_last_edited=\u00a0\u00bbon|tablet\u00a0\u00bb custom_margin=\u00a0\u00bb100px||-5vw|-50px|false|false\u00a0\u00bb custom_margin_tablet=\u00a0\u00bb0px||0vw|0px|false|false\u00a0\u00bb custom_margin_phone=\u00a0\u00bb\u00a0\u00bb custom_margin_last_edited=\u00a0\u00bbon|tablet\u00a0\u00bb][\/et_pb_image][\/et_pb_column][et_pb_column type=\u00a0\u00bb3_5&Prime; _builder_version=\u00a0\u00bb4.4.0&Prime;][et_pb_text _builder_version=\u00a0\u00bb4.4.4&Prime; text_font_size=\u00a0\u00bb16px\u00a0\u00bb text_line_height=\u00a0\u00bb2em\u00a0\u00bb header_font=\u00a0\u00bbDomine||||||||\u00a0\u00bb header_font_size=\u00a0\u00bb70px\u00a0\u00bb header_line_height=\u00a0\u00bb1.3em\u00a0\u00bb max_width=\u00a0\u00bb800px\u00a0\u00bb text_font_size_tablet=\u00a0\u00bb18px\u00a0\u00bb text_font_size_phone=\u00a0\u00bb16px\u00a0\u00bb text_font_size_last_edited=\u00a0\u00bbon|phone\u00a0\u00bb header_font_size_tablet=\u00a0\u00bb48px\u00a0\u00bb header_font_size_phone=\u00a0\u00bb38px\u00a0\u00bb header_font_size_last_edited=\u00a0\u00bbon|phone\u00a0\u00bb locked=\u00a0\u00bboff\u00a0\u00bb]<\/p>\n<h1>Soin du dos<\/h1>\n<p>Un soin complet du dos pour nettoyer, purifier et hydrater cette zone souvent oubli\u00e9e. Id\u00e9al avant l\u2019\u00e9t\u00e9 ou pour les peaux masculines sujettes aux imperfections.<\/p>\n<p>[\/et_pb_text][et_pb_text _builder_version=\u00a0\u00bb4.4.4&Prime; text_font=\u00a0\u00bbDomine||||||||\u00a0\u00bb text_font_size=\u00a0\u00bb20px\u00a0\u00bb]<\/p>\n<p>50\u20ac \/ 1h<\/p>\n<p>[\/et_pb_text][et_pb_button button_url=\u00a0\u00bbhttps:\/\/anne-lise.bio\/index.php\/contact\/\u00a0\u00bb button_text=\u00a0\u00bbR\u00e9server ce soin\u00a0\u00bb button_alignment=\u00a0\u00bbleft\u00a0\u00bb _builder_version=\u00a0\u00bb4.4.4&Prime; custom_button=\u00a0\u00bbon\u00a0\u00bb button_text_size=\u00a0\u00bb14px\u00a0\u00bb button_text_color=\u00a0\u00bb#000000&Prime; button_bg_color=\u00a0\u00bbrgba(0,0,0,0)\u00a0\u00bb button_border_width=\u00a0\u00bb1px\u00a0\u00bb button_border_radius=\u00a0\u00bb0px\u00a0\u00bb button_letter_spacing=\u00a0\u00bb4px\u00a0\u00bb button_font=\u00a0\u00bb|700||on|||||\u00a0\u00bb custom_padding=\u00a0\u00bb10px|10px|10px|10px|false|false\u00a0\u00bb locked=\u00a0\u00bboff\u00a0\u00bb][\/et_pb_button][\/et_pb_column][\/et_pb_row][\/et_pb_section][et_pb_section fb_built=\u00a0\u00bb1&Prime; admin_label=\u00a0\u00bbPricing\u00a0\u00bb _builder_version=\u00a0\u00bb4.4.1&Prime; background_color=\u00a0\u00bb#f9f6f5&Prime; background_image=\u00a0\u00bbhttp:\/\/anne-lise.bio\/wp-content\/uploads\/2025\/08\/yoga-pattern-01-1.png\u00a0\u00bb background_size=\u00a0\u00bbinitial\u00a0\u00bb background_position=\u00a0\u00bbtop_left\u00a0\u00bb background_repeat=\u00a0\u00bbrepeat\u00a0\u00bb locked=\u00a0\u00bboff\u00a0\u00bb][et_pb_row make_equal=\u00a0\u00bbon\u00a0\u00bb _builder_version=\u00a0\u00bb4.4.1&Prime;][et_pb_column type=\u00a0\u00bb4_4&Prime; _builder_version=\u00a0\u00bb4.4.0&Prime; background_color=\u00a0\u00bb#ffffff\u00a0\u00bb custom_padding=\u00a0\u00bb60px|30px|60px|30px|true|true\u00a0\u00bb custom_padding_tablet=\u00a0\u00bb\u00a0\u00bb custom_padding_phone=\u00a0\u00bb\u00a0\u00bb custom_padding_last_edited=\u00a0\u00bbon|phone\u00a0\u00bb][et_pb_text _builder_version=\u00a0\u00bb4.4.4&Prime; text_font_size=\u00a0\u00bb16px\u00a0\u00bb text_line_height=\u00a0\u00bb2em\u00a0\u00bb header_2_font=\u00a0\u00bbDomine||||||||\u00a0\u00bb header_2_font_size=\u00a0\u00bb35px\u00a0\u00bb header_3_font=\u00a0\u00bbDomine||||||||\u00a0\u00bb header_3_font_size=\u00a0\u00bb24px\u00a0\u00bb header_3_line_height=\u00a0\u00bb1.3em\u00a0\u00bb header_3_font_size_tablet=\u00a0\u00bb\u00a0\u00bb header_3_font_size_phone=\u00a0\u00bb20px\u00a0\u00bb header_3_font_size_last_edited=\u00a0\u00bbon|phone\u00a0\u00bb header_2_3_font_size_phone=\u00a0\u00bb20px\u00a0\u00bb header_3_3_font_size_phone=\u00a0\u00bb20px\u00a0\u00bb header_4_3_font_size_phone=\u00a0\u00bb20px\u00a0\u00bb header_5_3_font_size_phone=\u00a0\u00bb20px\u00a0\u00bb header_6_3_font_size_phone=\u00a0\u00bb20px\u00a0\u00bb header_2_3_font_size_last_edited=\u00a0\u00bbon|phone\u00a0\u00bb header_3_3_font_size_last_edited=\u00a0\u00bbon|phone\u00a0\u00bb header_4_3_font_size_last_edited=\u00a0\u00bbon|phone\u00a0\u00bb header_5_3_font_size_last_edited=\u00a0\u00bbon|phone\u00a0\u00bb header_6_3_font_size_last_edited=\u00a0\u00bbon|phone\u00a0\u00bb]<\/p>\n<h2>D\u00e9roulement du soin du dos<\/h2>\n<p>Le soin commence par une <strong>vapeur douce<\/strong> pour ouvrir les pores et pr\u00e9parer la peau. Je choisis ensuite un <strong>gommage naturel<\/strong> adapt\u00e9 \u00e0 votre type de peau : <strong>poudre d\u2019amande<\/strong>, <strong>avoine<\/strong>, <strong>coco<\/strong> ou <strong>sel marin<\/strong>. Ces textures exfolient en douceur, d\u00e9sincrustent les impuret\u00e9s et lissent la peau.<\/p>\n<p>Apr\u00e8s l\u2019exfoliation, je proc\u00e8de \u00e0 un <strong>nettoyage en profondeur<\/strong> : \u00e9limination des <strong>points noirs<\/strong> et des <strong>petits boutons<\/strong> si n\u00e9cessaire.<\/p>\n<p>Le soin se termine par l\u2019application d\u2019une <strong>huile v\u00e9g\u00e9tale hydratante<\/strong> associ\u00e9e \u00e0 un <strong>massage relaxant<\/strong>.<\/p>\n<p>R\u00e9sultat : un dos propre, doux, lumineux, pr\u00eat \u00e0 \u00eatre expos\u00e9&#8230; ou tout simplement lib\u00e9r\u00e9 de ses tensions.<\/p>\n<p>[\/et_pb_text][\/et_pb_column][\/et_pb_row][\/et_pb_section]<\/p>\n","protected":false},"excerpt":{"rendered":"<p>Soin du dos Un soin complet du dos pour nettoyer, purifier et hydrater cette zone souvent oubli\u00e9e. Id\u00e9al avant l\u2019\u00e9t\u00e9 ou pour les peaux masculines sujettes aux imperfections.50\u20ac \/ 1hD\u00e9roulement du soin du dos Le soin commence par une vapeur douce pour ouvrir les pores et pr\u00e9parer la peau. Je choisis ensuite un gommage naturel [&hellip;]<\/p>\n","protected":false},"author":1,"featured_media":0,"parent":0,"menu_order":0,"comment_status":"closed","ping_status":"closed","template":"","meta":{"_et_pb_use_builder":"on","_et_pb_old_content":"<h3>Beaut\u00e9 du dos 1h : 50\u20ac<\/h3>\nUn soin id\u00e9al pour pr\u00e9parer l\u2019\u00e9t\u00e9 ou pour les hommes.\n\nVapeur douce, et gommage naturel adapt\u00e9 \u00e0 votre type de peau (poudre d\u2019amande, avoine , coco ou sel...). On \u00e9limine tous les points noirs ou boutons, on \u00e9pile au sucre pour les hommes et enfin, on hydrate aux huiles relaxantes.","_et_gb_content_width":"","footnotes":""},"class_list":["post-327","page","type-page","status-publish","hentry"],"_links":{"self":[{"href":"https:\/\/anne-lise.bio\/index.php\/wp-json\/wp\/v2\/pages\/327","targetHints":{"allow":["GET"]}}],"collection":[{"href":"https:\/\/anne-lise.bio\/index.php\/wp-json\/wp\/v2\/pages"}],"about":[{"href":"https:\/\/anne-lise.bio\/index.php\/wp-json\/wp\/v2\/types\/page"}],"author":[{"embeddable":true,"href":"https:\/\/anne-lise.bio\/index.php\/wp-json\/wp\/v2\/users\/1"}],"replies":[{"embeddable":true,"href":"https:\/\/anne-lise.bio\/index.php\/wp-json\/wp\/v2\/comments?post=327"}],"version-history":[{"count":13,"href":"https:\/\/anne-lise.bio\/index.php\/wp-json\/wp\/v2\/pages\/327\/revisions"}],"predecessor-version":[{"id":1113,"href":"https:\/\/anne-lise.bio\/index.php\/wp-json\/wp\/v2\/pages\/327\/revisions\/1113"}],"wp:attachment":[{"href":"https:\/\/anne-lise.bio\/index.php\/wp-json\/wp\/v2\/media?parent=327"}],"curies":[{"name":"wp","href":"https:\/\/api.w.org\/{rel}","templated":true}]}}